{"id":1099,"date":"2022-11-30T10:31:38","date_gmt":"2022-11-30T09:31:38","guid":{"rendered":"http:\/\/babycov.cluster031.hosting.ovh.net\/?page_id=1099"},"modified":"2024-05-07T14:27:25","modified_gmt":"2024-05-07T12:27:25","slug":"nos-oeufs-label-rouge","status":"publish","type":"page","link":"https:\/\/www.babycoque.fr\/index.php\/nos-oeufs-label-rouge\/","title":{"rendered":"NOS \u0152UFS LABEL ROUGE"},"content":{"rendered":"<p>[et_pb_section fb_built=\u00a0\u00bb1&Prime; custom_padding_last_edited=\u00a0\u00bboff|desktop\u00a0\u00bb admin_label=\u00a0\u00bbHeader\u00a0\u00bb module_id=\u00a0\u00bbsecondheader\u00a0\u00bb module_class=\u00a0\u00bbheader\u00a0\u00bb _builder_version=\u00a0\u00bb4.18.1&Prime; _module_preset=\u00a0\u00bbdefault\u00a0\u00bb background_color=\u00a0\u00bb#FFFFFF\u00a0\u00bb use_background_color_gradient=\u00a0\u00bbon\u00a0\u00bb background_color_gradient_stops=\u00a0\u00bb#5c92a1 0%|rgba(46,91,97,0.3) 100%\u00a0\u00bb background_color_gradient_overlays_image=\u00a0\u00bbon\u00a0\u00bb background_image=\u00a0\u00bbhttp:\/\/babycov.cluster031.hosting.ovh.net\/wp-content\/uploads\/2022\/11\/pexels-olya-kobruseva-6495854-scaled.jpg\u00a0\u00bb background_position=\u00a0\u00bbtop_center\u00a0\u00bb background_vertical_offset=\u00a0\u00bb51%\u00a0\u00bb custom_padding_tablet=\u00a0\u00bb||22vw||false|false\u00a0\u00bb custom_padding_phone=\u00a0\u00bb||22vw||false|false\u00a0\u00bb bottom_divider_style=\u00a0\u00bbcurve\u00a0\u00bb bottom_divider_color=\u00a0\u00bb#e5e8f0&Prime; bottom_divider_height=\u00a0\u00bb10vw\u00a0\u00bb locked=\u00a0\u00bboff\u00a0\u00bb collapsed=\u00a0\u00bbon\u00a0\u00bb global_colors_info=\u00a0\u00bb{}\u00a0\u00bb][et_pb_row _builder_version=\u00a0\u00bb4.18.1&Prime; _module_preset=\u00a0\u00bbdefault\u00a0\u00bb z_index=\u00a0\u00bb10&Prime; width=\u00a0\u00bb58%\u00a0\u00bb max_width=\u00a0\u00bb686px\u00a0\u00bb global_colors_info=\u00a0\u00bb{}\u00a0\u00bb][et_pb_column type=\u00a0\u00bb4_4&Prime; _builder_version=\u00a0\u00bb4.17.1&Prime; _module_preset=\u00a0\u00bbdefault\u00a0\u00bb global_colors_info=\u00a0\u00bb{}\u00a0\u00bb][et_pb_divider show_divider=\u00a0\u00bboff\u00a0\u00bb _builder_version=\u00a0\u00bb4.18.1&Prime; _module_preset=\u00a0\u00bbdefault\u00a0\u00bb global_colors_info=\u00a0\u00bb{}\u00a0\u00bb][\/et_pb_divider][et_pb_text _builder_version=\u00a0\u00bb4.18.1&Prime; _module_preset=\u00a0\u00bbc16985e1-e0d6-4022-964d-e2bfc04fa633&Prime; text_font=\u00a0\u00bbDancing Script||||||||\u00a0\u00bb text_text_color=\u00a0\u00bb#FFFFFF\u00a0\u00bb text_font_size=\u00a0\u00bb64px\u00a0\u00bb text_line_height=\u00a0\u00bb1em\u00a0\u00bb header_font=\u00a0\u00bbCormorant Garamond|700|||||||\u00a0\u00bb header_text_color=\u00a0\u00bb#E1ECEA\u00a0\u00bb header_font_size=\u00a0\u00bb90px\u00a0\u00bb header_line_height=\u00a0\u00bb1.1em\u00a0\u00bb custom_margin=\u00a0\u00bb||30px||false|false\u00a0\u00bb header_font_size_tablet=\u00a0\u00bb40px\u00a0\u00bb header_font_size_phone=\u00a0\u00bb24px\u00a0\u00bb header_font_size_last_edited=\u00a0\u00bbon|desktop\u00a0\u00bb global_colors_info=\u00a0\u00bb{}\u00a0\u00bb]<\/p>\n<p style=\"text-align: center;\"><span style=\"vertical-align: inherit;\"><span style=\"vertical-align: inherit;\"><span style=\"vertical-align: inherit;\"><span style=\"vertical-align: inherit;\">Nos \u0153ufs label rouge <\/span><\/span><\/span><\/span><span style=\"vertical-align: inherit;\"><span style=\"vertical-align: inherit;\"><span style=\"vertical-align: inherit;\"><span style=\"vertical-align: inherit;\">pondus en Auvergne-Rh\u00f4ne-Alpes<\/span><\/span><\/span><\/span><\/p>\n<p style=\"text-align: center;\">\n<p>[\/et_pb_text][\/et_pb_column][\/et_pb_row][et_pb_row _builder_version=\u00a0\u00bb4.18.1&Prime; _module_preset=\u00a0\u00bbdefault\u00a0\u00bb positioning=\u00a0\u00bbabsolute\u00a0\u00bb position_origin_a=\u00a0\u00bbbottom_center\u00a0\u00bb vertical_offset=\u00a0\u00bb-1px\u00a0\u00bb width=\u00a0\u00bb100%\u00a0\u00bb max_width=\u00a0\u00bb100%\u00a0\u00bb custom_margin=\u00a0\u00bb||||false|false\u00a0\u00bb custom_padding=\u00a0\u00bb||0px||false|false\u00a0\u00bb filter_brightness=\u00a0\u00bb200%\u00a0\u00bb locked=\u00a0\u00bboff\u00a0\u00bb global_colors_info=\u00a0\u00bb{}\u00a0\u00bb][et_pb_column type=\u00a0\u00bb4_4&Prime; _builder_version=\u00a0\u00bb4.17.3&Prime; _module_preset=\u00a0\u00bbdefault\u00a0\u00bb global_colors_info=\u00a0\u00bb{}\u00a0\u00bb][et_pb_image src=\u00a0\u00bbhttp:\/\/babycov.cluster031.hosting.ovh.net\/wp-content\/uploads\/2022\/11\/therapy-50.png\u00a0\u00bb title_text=\u00a0\u00bbtherapy-50&Prime; force_fullwidth=\u00a0\u00bbon\u00a0\u00bb _builder_version=\u00a0\u00bb4.17.3&Prime; _module_preset=\u00a0\u00bbdefault\u00a0\u00bb custom_margin=\u00a0\u00bb||||false|false\u00a0\u00bb global_colors_info=\u00a0\u00bb{}\u00a0\u00bb][\/et_pb_image][\/et_pb_column][\/et_pb_row][\/et_pb_section][et_pb_section fb_built=\u00a0\u00bb1&Prime; _builder_version=\u00a0\u00bb4.18.1&Prime; _module_preset=\u00a0\u00bbdefault\u00a0\u00bb custom_padding=\u00a0\u00bb59px||8px|||\u00a0\u00bb global_colors_info=\u00a0\u00bb{}\u00a0\u00bb][et_pb_row column_structure=\u00a0\u00bb2_3,1_3&Prime; _builder_version=\u00a0\u00bb4.18.1&Prime; _module_preset=\u00a0\u00bbdefault\u00a0\u00bb width=\u00a0\u00bb54%\u00a0\u00bb global_colors_info=\u00a0\u00bb{}\u00a0\u00bb][et_pb_column type=\u00a0\u00bb2_3&Prime; _builder_version=\u00a0\u00bb4.18.1&Prime; _module_preset=\u00a0\u00bbdefault\u00a0\u00bb global_colors_info=\u00a0\u00bb{}\u00a0\u00bb][et_pb_text _builder_version=\u00a0\u00bb4.18.1&Prime; _module_preset=\u00a0\u00bbdefault\u00a0\u00bb custom_padding=\u00a0\u00bb15px||||false|false\u00a0\u00bb global_colors_info=\u00a0\u00bb{}\u00a0\u00bb]<\/p>\n<p style=\"text-align: left;\">Nos poules sont \u00e9lev\u00e9es en plein air et gambadent au sein de leurs parcours herbeux o\u00f9 elles picorent au gr\u00e9 de leurs envies une alimentation 100 % v\u00e9g\u00e9tale, min\u00e9rale et vitamin\u00e9e.<\/p>\n<p style=\"text-align: left;\">Nos \u0153ufs label rouge proviennent de plusieurs exploitations familiales implant\u00e9es dans notre r\u00e9gion.<\/p>\n<p>[\/et_pb_text][\/et_pb_column][et_pb_column type=\u00a0\u00bb1_3&Prime; _builder_version=\u00a0\u00bb4.18.1&Prime; _module_preset=\u00a0\u00bbdefault\u00a0\u00bb global_colors_info=\u00a0\u00bb{}\u00a0\u00bb][et_pb_image src=\u00a0\u00bbhttps:\/\/www.babycoque.fr\/wp-content\/uploads\/2023\/02\/Groupe-505.png\u00a0\u00bb alt=\u00a0\u00bbpondus en auvergne rh\u00f4ne-alpes\u00a0\u00bb title_text=\u00a0\u00bbpondus en auvergne rh\u00f4ne-alpes\u00a0\u00bb _builder_version=\u00a0\u00bb4.21.0&Prime; _module_preset=\u00a0\u00bbdefault\u00a0\u00bb global_colors_info=\u00a0\u00bb{}\u00a0\u00bb][\/et_pb_image][\/et_pb_column][\/et_pb_row][\/et_pb_section][et_pb_section fb_built=\u00a0\u00bb1&Prime; admin_label=\u00a0\u00bbFeatures\u00a0\u00bb _builder_version=\u00a0\u00bb4.18.1&Prime; background_color=\u00a0\u00bb#FFFFFF\u00a0\u00bb custom_padding=\u00a0\u00bb0px|||||\u00a0\u00bb global_colors_info=\u00a0\u00bb{}\u00a0\u00bb][et_pb_row column_structure=\u00a0\u00bb1_3,1_3,1_3&Prime; use_custom_gutter=\u00a0\u00bbon\u00a0\u00bb gutter_width=\u00a0\u00bb1&Prime; make_equal=\u00a0\u00bbon\u00a0\u00bb _builder_version=\u00a0\u00bb4.18.1&Prime; _module_preset=\u00a0\u00bbdefault\u00a0\u00bb width=\u00a0\u00bb75%\u00a0\u00bb max_width=\u00a0\u00bb1583px\u00a0\u00bb global_colors_info=\u00a0\u00bb{}\u00a0\u00bb][et_pb_column type=\u00a0\u00bb1_3&Prime; _builder_version=\u00a0\u00bb4.18.1&Prime; _module_preset=\u00a0\u00bbdefault\u00a0\u00bb global_colors_info=\u00a0\u00bb{}\u00a0\u00bb][et_pb_image src=\u00a0\u00bbhttps:\/\/www.babycoque.fr\/wp-content\/uploads\/2024\/05\/6-LABEL-ROUGE-BBC.png\u00a0\u00bb alt=\u00a0\u00bb6 LABEL ROUGE BABY COQUE\u00a0\u00bb title_text=\u00a0\u00bb6 LABEL ROUGE BBC\u00a0\u00bb align=\u00a0\u00bbcenter\u00a0\u00bb _builder_version=\u00a0\u00bb4.21.0&Prime; _module_preset=\u00a0\u00bbdefault\u00a0\u00bb z_index=\u00a0\u00bb2&Prime; width=\u00a0\u00bb100%\u00a0\u00bb global_colors_info=\u00a0\u00bb{}\u00a0\u00bb][\/et_pb_image][et_pb_text _builder_version=\u00a0\u00bb4.18.1&Prime; _module_preset=\u00a0\u00bbdefault\u00a0\u00bb text_font_size=\u00a0\u00bb26px\u00a0\u00bb global_colors_info=\u00a0\u00bb{}\u00a0\u00bb]<\/p>\n<p style=\"text-align: center;\">6 \u0152UFS LABEL ROUGE<\/p>\n<p>[\/et_pb_text][\/et_pb_column][et_pb_column type=\u00a0\u00bb1_3&Prime; _builder_version=\u00a0\u00bb4.18.1&Prime; _module_preset=\u00a0\u00bbdefault\u00a0\u00bb global_colors_info=\u00a0\u00bb{}\u00a0\u00bb][et_pb_image src=\u00a0\u00bbhttps:\/\/www.babycoque.fr\/wp-content\/uploads\/2024\/05\/6-MAXI-LABEL-ROUGE-BBC.png\u00a0\u00bb alt=\u00a0\u00bb6 LABEL ROUGE maxi BABY COQUE\u00a0\u00bb title_text=\u00a0\u00bb6 MAXI LABEL ROUGE BBC\u00a0\u00bb align=\u00a0\u00bbcenter\u00a0\u00bb _builder_version=\u00a0\u00bb4.21.0&Prime; _module_preset=\u00a0\u00bbdefault\u00a0\u00bb width=\u00a0\u00bb100%\u00a0\u00bb global_colors_info=\u00a0\u00bb{}\u00a0\u00bb][\/et_pb_image][et_pb_text _builder_version=\u00a0\u00bb4.18.1&Prime; _module_preset=\u00a0\u00bbdefault\u00a0\u00bb text_font_size=\u00a0\u00bb26px\u00a0\u00bb global_colors_info=\u00a0\u00bb{}\u00a0\u00bb]<\/p>\n<p style=\"text-align: center;\">6 \u0152UFS LABEL ROUGE MAXI<\/p>\n<p>[\/et_pb_text][\/et_pb_column][et_pb_column type=\u00a0\u00bb1_3&Prime; _builder_version=\u00a0\u00bb4.18.1&Prime; _module_preset=\u00a0\u00bbdefault\u00a0\u00bb global_colors_info=\u00a0\u00bb{}\u00a0\u00bb][et_pb_image src=\u00a0\u00bbhttps:\/\/www.babycoque.fr\/wp-content\/uploads\/2024\/05\/12-LABEL-ROUGE-BBC.png\u00a0\u00bb alt=\u00a0\u00bb12 oeufs label rouge Baby Coque\u00a0\u00bb title_text=\u00a0\u00bb12 LABEL ROUGE BBC\u00a0\u00bb align=\u00a0\u00bbcenter\u00a0\u00bb _builder_version=\u00a0\u00bb4.21.0&Prime; _module_preset=\u00a0\u00bbdefault\u00a0\u00bb z_index=\u00a0\u00bb2&Prime; width=\u00a0\u00bb92%\u00a0\u00bb global_colors_info=\u00a0\u00bb{}\u00a0\u00bb][\/et_pb_image][et_pb_text _builder_version=\u00a0\u00bb4.18.1&Prime; _module_preset=\u00a0\u00bbdefault\u00a0\u00bb text_font_size=\u00a0\u00bb26px\u00a0\u00bb custom_padding=\u00a0\u00bb20px||||false|false\u00a0\u00bb global_colors_info=\u00a0\u00bb{}\u00a0\u00bb]<\/p>\n<p style=\"text-align: center;\">12 \u0152UFS LABEL ROUGE<\/p>\n<p>[\/et_pb_text][\/et_pb_column][\/et_pb_row][et_pb_row _builder_version=\u00a0\u00bb4.18.1&Prime; _module_preset=\u00a0\u00bbdefault\u00a0\u00bb global_colors_info=\u00a0\u00bb{}\u00a0\u00bb][et_pb_column type=\u00a0\u00bb4_4&Prime; _builder_version=\u00a0\u00bb4.18.1&Prime; _module_preset=\u00a0\u00bbdefault\u00a0\u00bb global_colors_info=\u00a0\u00bb{}\u00a0\u00bb][et_pb_divider show_divider=\u00a0\u00bboff\u00a0\u00bb _builder_version=\u00a0\u00bb4.18.1&Prime; _module_preset=\u00a0\u00bbdefault\u00a0\u00bb global_colors_info=\u00a0\u00bb{}\u00a0\u00bb][\/et_pb_divider][\/et_pb_column][\/et_pb_row][\/et_pb_section]<\/p>\n","protected":false},"excerpt":{"rendered":"<p>Nos \u0153ufs label rouge pondus en Auvergne-Rh\u00f4ne-Alpes Nos poules sont \u00e9lev\u00e9es en plein air et gambadent au sein de leurs parcours herbeux o\u00f9 elles picorent au gr\u00e9 de leurs envies une alimentation 100 % v\u00e9g\u00e9tale, min\u00e9rale et vitamin\u00e9e. Nos \u0153ufs label rouge proviennent de plusieurs exploitations familiales implant\u00e9es dans notre r\u00e9gion.6 \u0152UFS LABEL ROUGE6 \u0152UFS [&hellip;]<\/p>\n","protected":false},"author":1,"featured_media":0,"parent":0,"menu_order":0,"comment_status":"closed","ping_status":"closed","template":"","meta":{"_et_pb_use_builder":"on","_et_pb_old_content":"","_et_gb_content_width":"","footnotes":""},"class_list":["post-1099","page","type-page","status-publish","hentry"],"yoast_head":"<!-- This site is optimized with the Yoast SEO plugin v25.0 - https:\/\/yoast.com\/wordpress\/plugins\/seo\/ -->\n<title>NOS \u0152UFS LABEL ROUGE - BABY COQUE<\/title>\n<meta name=\"robots\" content=\"index, follow, max-snippet:-1, max-image-preview:large, max-video-preview:-1\" \/>\n<link rel=\"canonical\" href=\"https:\/\/www.babycoque.fr\/index.php\/nos-oeufs-label-rouge\/\" \/>\n<meta property=\"og:locale\" content=\"fr_FR\" \/>\n<meta property=\"og:type\" content=\"article\" \/>\n<meta property=\"og:title\" content=\"NOS \u0152UFS LABEL ROUGE - BABY COQUE\" \/>\n<meta property=\"og:description\" content=\"Nos \u0153ufs label rouge pondus en Auvergne-Rh\u00f4ne-Alpes Nos poules sont \u00e9lev\u00e9es en plein air et gambadent au sein de leurs parcours herbeux o\u00f9 elles picorent au gr\u00e9 de leurs envies une alimentation 100 % v\u00e9g\u00e9tale, min\u00e9rale et vitamin\u00e9e. Nos \u0153ufs label rouge proviennent de plusieurs exploitations familiales implant\u00e9es dans notre r\u00e9gion.6 \u0152UFS LABEL ROUGE6 \u0152UFS [&hellip;]\" \/>\n<meta property=\"og:url\" content=\"https:\/\/www.babycoque.fr\/index.php\/nos-oeufs-label-rouge\/\" \/>\n<meta property=\"og:site_name\" content=\"BABY COQUE\" \/>\n<meta property=\"article:publisher\" content=\"https:\/\/www.facebook.com\/share\/1M1PbL4f4E\/?mibextid=wwXIfr\" \/>\n<meta property=\"article:modified_time\" content=\"2024-05-07T12:27:25+00:00\" \/>\n<meta name=\"twitter:card\" content=\"summary_large_image\" \/>\n<meta name=\"twitter:label1\" content=\"Dur\u00e9e de lecture estim\u00e9e\" \/>\n\t<meta name=\"twitter:data1\" content=\"4 minutes\" \/>\n<script type=\"application\/ld+json\" class=\"yoast-schema-graph\">{\"@context\":\"https:\/\/schema.org\",\"@graph\":[{\"@type\":\"WebPage\",\"@id\":\"https:\/\/www.babycoque.fr\/index.php\/nos-oeufs-label-rouge\/\",\"url\":\"https:\/\/www.babycoque.fr\/index.php\/nos-oeufs-label-rouge\/\",\"name\":\"NOS \u0152UFS LABEL ROUGE - BABY COQUE\",\"isPartOf\":{\"@id\":\"https:\/\/www.babycoque.fr\/#website\"},\"datePublished\":\"2022-11-30T09:31:38+00:00\",\"dateModified\":\"2024-05-07T12:27:25+00:00\",\"breadcrumb\":{\"@id\":\"https:\/\/www.babycoque.fr\/index.php\/nos-oeufs-label-rouge\/#breadcrumb\"},\"inLanguage\":\"fr-FR\",\"potentialAction\":[{\"@type\":\"ReadAction\",\"target\":[\"https:\/\/www.babycoque.fr\/index.php\/nos-oeufs-label-rouge\/\"]}]},{\"@type\":\"BreadcrumbList\",\"@id\":\"https:\/\/www.babycoque.fr\/index.php\/nos-oeufs-label-rouge\/#breadcrumb\",\"itemListElement\":[{\"@type\":\"ListItem\",\"position\":1,\"name\":\"Accueil\",\"item\":\"https:\/\/www.babycoque.fr\/\"},{\"@type\":\"ListItem\",\"position\":2,\"name\":\"NOS \u0152UFS LABEL ROUGE\"}]},{\"@type\":\"WebSite\",\"@id\":\"https:\/\/www.babycoque.fr\/#website\",\"url\":\"https:\/\/www.babycoque.fr\/\",\"name\":\"BABY COQUE\",\"description\":\"Les bons oeufs du terroir\",\"publisher\":{\"@id\":\"https:\/\/www.babycoque.fr\/#organization\"},\"potentialAction\":[{\"@type\":\"SearchAction\",\"target\":{\"@type\":\"EntryPoint\",\"urlTemplate\":\"https:\/\/www.babycoque.fr\/?s={search_term_string}\"},\"query-input\":{\"@type\":\"PropertyValueSpecification\",\"valueRequired\":true,\"valueName\":\"search_term_string\"}}],\"inLanguage\":\"fr-FR\"},{\"@type\":\"Organization\",\"@id\":\"https:\/\/www.babycoque.fr\/#organization\",\"name\":\"BABY COQUE\",\"url\":\"https:\/\/www.babycoque.fr\/\",\"logo\":{\"@type\":\"ImageObject\",\"inLanguage\":\"fr-FR\",\"@id\":\"https:\/\/www.babycoque.fr\/#\/schema\/logo\/image\/\",\"url\":\"https:\/\/www.babycoque.fr\/wp-content\/uploads\/2022\/06\/cropped-logo_babycoquepngverysmall.png\",\"contentUrl\":\"https:\/\/www.babycoque.fr\/wp-content\/uploads\/2022\/06\/cropped-logo_babycoquepngverysmall.png\",\"width\":90,\"height\":92,\"caption\":\"BABY COQUE\"},\"image\":{\"@id\":\"https:\/\/www.babycoque.fr\/#\/schema\/logo\/image\/\"},\"sameAs\":[\"https:\/\/www.facebook.com\/share\/1M1PbL4f4E\/?mibextid=wwXIfr\"]}]}<\/script>\n<!-- \/ Yoast SEO plugin. -->","yoast_head_json":{"title":"NOS \u0152UFS LABEL ROUGE - BABY COQUE","robots":{"index":"index","follow":"follow","max-snippet":"max-snippet:-1","max-image-preview":"max-image-preview:large","max-video-preview":"max-video-preview:-1"},"canonical":"https:\/\/www.babycoque.fr\/index.php\/nos-oeufs-label-rouge\/","og_locale":"fr_FR","og_type":"article","og_title":"NOS \u0152UFS LABEL ROUGE - BABY COQUE","og_description":"Nos \u0153ufs label rouge pondus en Auvergne-Rh\u00f4ne-Alpes Nos poules sont \u00e9lev\u00e9es en plein air et gambadent au sein de leurs parcours herbeux o\u00f9 elles picorent au gr\u00e9 de leurs envies une alimentation 100 % v\u00e9g\u00e9tale, min\u00e9rale et vitamin\u00e9e. Nos \u0153ufs label rouge proviennent de plusieurs exploitations familiales implant\u00e9es dans notre r\u00e9gion.6 \u0152UFS LABEL ROUGE6 \u0152UFS [&hellip;]","og_url":"https:\/\/www.babycoque.fr\/index.php\/nos-oeufs-label-rouge\/","og_site_name":"BABY COQUE","article_publisher":"https:\/\/www.facebook.com\/share\/1M1PbL4f4E\/?mibextid=wwXIfr","article_modified_time":"2024-05-07T12:27:25+00:00","twitter_card":"summary_large_image","twitter_misc":{"Dur\u00e9e de lecture estim\u00e9e":"4 minutes"},"schema":{"@context":"https:\/\/schema.org","@graph":[{"@type":"WebPage","@id":"https:\/\/www.babycoque.fr\/index.php\/nos-oeufs-label-rouge\/","url":"https:\/\/www.babycoque.fr\/index.php\/nos-oeufs-label-rouge\/","name":"NOS \u0152UFS LABEL ROUGE - BABY COQUE","isPartOf":{"@id":"https:\/\/www.babycoque.fr\/#website"},"datePublished":"2022-11-30T09:31:38+00:00","dateModified":"2024-05-07T12:27:25+00:00","breadcrumb":{"@id":"https:\/\/www.babycoque.fr\/index.php\/nos-oeufs-label-rouge\/#breadcrumb"},"inLanguage":"fr-FR","potentialAction":[{"@type":"ReadAction","target":["https:\/\/www.babycoque.fr\/index.php\/nos-oeufs-label-rouge\/"]}]},{"@type":"BreadcrumbList","@id":"https:\/\/www.babycoque.fr\/index.php\/nos-oeufs-label-rouge\/#breadcrumb","itemListElement":[{"@type":"ListItem","position":1,"name":"Accueil","item":"https:\/\/www.babycoque.fr\/"},{"@type":"ListItem","position":2,"name":"NOS \u0152UFS LABEL ROUGE"}]},{"@type":"WebSite","@id":"https:\/\/www.babycoque.fr\/#website","url":"https:\/\/www.babycoque.fr\/","name":"BABY COQUE","description":"Les bons oeufs du terroir","publisher":{"@id":"https:\/\/www.babycoque.fr\/#organization"},"potentialAction":[{"@type":"SearchAction","target":{"@type":"EntryPoint","urlTemplate":"https:\/\/www.babycoque.fr\/?s={search_term_string}"},"query-input":{"@type":"PropertyValueSpecification","valueRequired":true,"valueName":"search_term_string"}}],"inLanguage":"fr-FR"},{"@type":"Organization","@id":"https:\/\/www.babycoque.fr\/#organization","name":"BABY COQUE","url":"https:\/\/www.babycoque.fr\/","logo":{"@type":"ImageObject","inLanguage":"fr-FR","@id":"https:\/\/www.babycoque.fr\/#\/schema\/logo\/image\/","url":"https:\/\/www.babycoque.fr\/wp-content\/uploads\/2022\/06\/cropped-logo_babycoquepngverysmall.png","contentUrl":"https:\/\/www.babycoque.fr\/wp-content\/uploads\/2022\/06\/cropped-logo_babycoquepngverysmall.png","width":90,"height":92,"caption":"BABY COQUE"},"image":{"@id":"https:\/\/www.babycoque.fr\/#\/schema\/logo\/image\/"},"sameAs":["https:\/\/www.facebook.com\/share\/1M1PbL4f4E\/?mibextid=wwXIfr"]}]}},"_links":{"self":[{"href":"https:\/\/www.babycoque.fr\/index.php\/wp-json\/wp\/v2\/pages\/1099","targetHints":{"allow":["GET"]}}],"collection":[{"href":"https:\/\/www.babycoque.fr\/index.php\/wp-json\/wp\/v2\/pages"}],"about":[{"href":"https:\/\/www.babycoque.fr\/index.php\/wp-json\/wp\/v2\/types\/page"}],"author":[{"embeddable":true,"href":"https:\/\/www.babycoque.fr\/index.php\/wp-json\/wp\/v2\/users\/1"}],"replies":[{"embeddable":true,"href":"https:\/\/www.babycoque.fr\/index.php\/wp-json\/wp\/v2\/comments?post=1099"}],"version-history":[{"count":10,"href":"https:\/\/www.babycoque.fr\/index.php\/wp-json\/wp\/v2\/pages\/1099\/revisions"}],"predecessor-version":[{"id":1791,"href":"https:\/\/www.babycoque.fr\/index.php\/wp-json\/wp\/v2\/pages\/1099\/revisions\/1791"}],"wp:attachment":[{"href":"https:\/\/www.babycoque.fr\/index.php\/wp-json\/wp\/v2\/media?parent=1099"}],"curies":[{"name":"wp","href":"https:\/\/api.w.org\/{rel}","templated":true}]}}