{"id":741,"date":"2022-11-21T10:16:26","date_gmt":"2022-11-21T09:16:26","guid":{"rendered":"http:\/\/babycov.cluster031.hosting.ovh.net\/?page_id=741"},"modified":"2023-12-19T12:07:13","modified_gmt":"2023-12-19T11:07:13","slug":"qualite","status":"publish","type":"page","link":"https:\/\/www.babycoque.fr\/index.php\/qualite\/","title":{"rendered":"QUALIT\u00c9"},"content":{"rendered":"<p>[et_pb_section fb_built=\u00a0\u00bb1&Prime; custom_padding_last_edited=\u00a0\u00bboff|desktop\u00a0\u00bb admin_label=\u00a0\u00bbHeader\u00a0\u00bb module_id=\u00a0\u00bbsecondheader\u00a0\u00bb module_class=\u00a0\u00bbheader\u00a0\u00bb _builder_version=\u00a0\u00bb4.21.0&Prime; _module_preset=\u00a0\u00bbdefault\u00a0\u00bb background_color=\u00a0\u00bb#FFFFFF\u00a0\u00bb use_background_color_gradient=\u00a0\u00bbon\u00a0\u00bb background_color_gradient_stops=\u00a0\u00bb#5c92a1 0%|rgba(46,91,97,0) 98%\u00a0\u00bb background_color_gradient_overlays_image=\u00a0\u00bbon\u00a0\u00bb background_image=\u00a0\u00bbhttps:\/\/www.babycoque.fr\/wp-content\/uploads\/2022\/11\/Baby-Coque-THONON-03-scaled.jpg\u00a0\u00bb background_position=\u00a0\u00bbtop_center\u00a0\u00bb background_vertical_offset=\u00a0\u00bb54%\u00a0\u00bb custom_padding_tablet=\u00a0\u00bb||22vw||false|false\u00a0\u00bb custom_padding_phone=\u00a0\u00bb||22vw||false|false\u00a0\u00bb bottom_divider_style=\u00a0\u00bbcurve\u00a0\u00bb bottom_divider_color=\u00a0\u00bb#e5e8f0&Prime; bottom_divider_height=\u00a0\u00bb10vw\u00a0\u00bb locked=\u00a0\u00bboff\u00a0\u00bb collapsed=\u00a0\u00bbon\u00a0\u00bb global_colors_info=\u00a0\u00bb{}\u00a0\u00bb][et_pb_row _builder_version=\u00a0\u00bb4.18.1&Prime; _module_preset=\u00a0\u00bbdefault\u00a0\u00bb z_index=\u00a0\u00bb10&Prime; global_colors_info=\u00a0\u00bb{}\u00a0\u00bb][et_pb_column type=\u00a0\u00bb4_4&Prime; _builder_version=\u00a0\u00bb4.17.1&Prime; _module_preset=\u00a0\u00bbdefault\u00a0\u00bb global_colors_info=\u00a0\u00bb{}\u00a0\u00bb][et_pb_divider show_divider=\u00a0\u00bboff\u00a0\u00bb _builder_version=\u00a0\u00bb4.18.1&Prime; _module_preset=\u00a0\u00bbdefault\u00a0\u00bb global_colors_info=\u00a0\u00bb{}\u00a0\u00bb][\/et_pb_divider][et_pb_text _builder_version=\u00a0\u00bb4.18.1&Prime; _module_preset=\u00a0\u00bbc16985e1-e0d6-4022-964d-e2bfc04fa633&Prime; text_font=\u00a0\u00bbDancing Script||||||||\u00a0\u00bb text_text_color=\u00a0\u00bb#FFFFFF\u00a0\u00bb text_font_size=\u00a0\u00bb65px\u00a0\u00bb text_line_height=\u00a0\u00bb1em\u00a0\u00bb header_font=\u00a0\u00bbCormorant Garamond|700|||||||\u00a0\u00bb header_text_color=\u00a0\u00bb#E1ECEA\u00a0\u00bb header_font_size=\u00a0\u00bb90px\u00a0\u00bb header_line_height=\u00a0\u00bb1.1em\u00a0\u00bb custom_margin=\u00a0\u00bb||30px||false|false\u00a0\u00bb header_font_size_tablet=\u00a0\u00bb40px\u00a0\u00bb header_font_size_phone=\u00a0\u00bb24px\u00a0\u00bb header_font_size_last_edited=\u00a0\u00bbon|desktop\u00a0\u00bb global_colors_info=\u00a0\u00bb{}\u00a0\u00bb]<\/p>\n<p style=\"text-align: center;\"><span style=\"vertical-align: inherit;\"><span style=\"vertical-align: inherit;\">Une histoire de qualit\u00e9<\/span><\/span><\/p>\n<p style=\"text-align: center;\">[\/et_pb_text][\/et_pb_column][\/et_pb_row][et_pb_row _builder_version=\u00a0\u00bb4.18.1&Prime; _module_preset=\u00a0\u00bbdefault\u00a0\u00bb positioning=\u00a0\u00bbabsolute\u00a0\u00bb position_origin_a=\u00a0\u00bbbottom_center\u00a0\u00bb vertical_offset=\u00a0\u00bb-1px\u00a0\u00bb width=\u00a0\u00bb100%\u00a0\u00bb max_width=\u00a0\u00bb100%\u00a0\u00bb custom_margin=\u00a0\u00bb||||false|false\u00a0\u00bb custom_padding=\u00a0\u00bb||0px||false|false\u00a0\u00bb filter_brightness=\u00a0\u00bb200%\u00a0\u00bb locked=\u00a0\u00bboff\u00a0\u00bb global_colors_info=\u00a0\u00bb{}\u00a0\u00bb][et_pb_column type=\u00a0\u00bb4_4&Prime; _builder_version=\u00a0\u00bb4.17.3&Prime; _module_preset=\u00a0\u00bbdefault\u00a0\u00bb global_colors_info=\u00a0\u00bb{}\u00a0\u00bb][et_pb_image src=\u00a0\u00bbhttp:\/\/babycov.cluster031.hosting.ovh.net\/wp-content\/uploads\/2022\/11\/therapy-50.png\u00a0\u00bb title_text=\u00a0\u00bbtherapy-50&Prime; force_fullwidth=\u00a0\u00bbon\u00a0\u00bb _builder_version=\u00a0\u00bb4.17.3&Prime; _module_preset=\u00a0\u00bbdefault\u00a0\u00bb custom_margin=\u00a0\u00bb||||false|false\u00a0\u00bb global_colors_info=\u00a0\u00bb{}\u00a0\u00bb][\/et_pb_image][\/et_pb_column][\/et_pb_row][\/et_pb_section][et_pb_section fb_built=\u00a0\u00bb1&Prime; custom_padding_last_edited=\u00a0\u00bbon|tablet\u00a0\u00bb prev_background_color=\u00a0\u00bb#FFFFFF\u00a0\u00bb next_background_color=\u00a0\u00bb#ffffff\u00a0\u00bb admin_label=\u00a0\u00bbAbout Me\u00a0\u00bb _builder_version=\u00a0\u00bb4.16&Prime; background_color=\u00a0\u00bb#fafafa\u00a0\u00bb custom_padding=\u00a0\u00bb7vw|0px|0vw|0px|false|false\u00a0\u00bb custom_padding_tablet=\u00a0\u00bb||10vw|\u00a0\u00bb custom_padding_phone=\u00a0\u00bb\u00a0\u00bb top_divider_style=\u00a0\u00bbcurve\u00a0\u00bb top_divider_height=\u00a0\u00bb6vw\u00a0\u00bb top_divider_flip=\u00a0\u00bbvertical\u00a0\u00bb bottom_divider_style=\u00a0\u00bbcurve\u00a0\u00bb bottom_divider_height=\u00a0\u00bb10vw\u00a0\u00bb bottom_divider_repeat=\u00a0\u00bb0.5x\u00a0\u00bb global_colors_info=\u00a0\u00bb{}\u00a0\u00bb][et_pb_row _builder_version=\u00a0\u00bb4.18.1&Prime; width=\u00a0\u00bb86%\u00a0\u00bb max_width=\u00a0\u00bb1157px\u00a0\u00bb global_colors_info=\u00a0\u00bb{}\u00a0\u00bb][et_pb_column type=\u00a0\u00bb4_4&Prime; _builder_version=\u00a0\u00bb4.16&Prime; custom_padding=\u00a0\u00bb|||\u00a0\u00bb global_colors_info=\u00a0\u00bb{}\u00a0\u00bb custom_padding__hover=\u00a0\u00bb|||\u00a0\u00bb][et_pb_text content_tablet=\u00a0\u00bb<\/p>\n<p>L\u2019\u0153uf, un aliment complet par excellence<\/p>\n<p>\u00a0\u00bb content_phone=\u00a0\u00bb<\/p>\n<p>L\u2019\u0153uf, un aliment complet par excellence<\/p>\n<p>\u00a0\u00bb content_last_edited=\u00a0\u00bbon|desktop\u00a0\u00bb _builder_version=\u00a0\u00bb4.18.1&Prime; text_font=\u00a0\u00bbDancing Script||||||||\u00a0\u00bb text_font_size=\u00a0\u00bb40px\u00a0\u00bb text_line_height=\u00a0\u00bb1.2em\u00a0\u00bb header_font=\u00a0\u00bb||||||||\u00a0\u00bb header_2_font=\u00a0\u00bbMerriweather|700|||||||\u00a0\u00bb header_2_font_size=\u00a0\u00bb36px\u00a0\u00bb header_2_line_height=\u00a0\u00bb1.6em\u00a0\u00bb header_2_font_size_tablet=\u00a0\u00bb\u00a0\u00bb header_2_font_size_phone=\u00a0\u00bb20px\u00a0\u00bb header_2_font_size_last_edited=\u00a0\u00bbon|phone\u00a0\u00bb locked=\u00a0\u00bboff\u00a0\u00bb global_colors_info=\u00a0\u00bb{}\u00a0\u00bb]<\/p>\n<p style=\"text-align: center;\">Le contr\u00f4le qualit\u00e9 en plusieurs \u00e9tapes<\/p>\n<p>[\/et_pb_text][et_pb_text _builder_version=\u00a0\u00bb4.18.1&Prime; _module_preset=\u00a0\u00bbdefault\u00a0\u00bb custom_margin=\u00a0\u00bb||11px|||\u00a0\u00bb global_colors_info=\u00a0\u00bb{}\u00a0\u00bb][\/et_pb_text][et_pb_image src=\u00a0\u00bbhttps:\/\/www.babycoque.fr\/wp-content\/uploads\/2023\/02\/Groupe-428.png\u00a0\u00bb alt=\u00a0\u00bbcontr\u00f4le qualit\u00e9 de l&rsquo;\u0153uf\u00a0\u00bb title_text=\u00a0\u00bbcontrole qualit\u00e9 de l&rsquo;oeuf\u00a0\u00bb align=\u00a0\u00bbcenter\u00a0\u00bb align_tablet=\u00a0\u00bbcenter\u00a0\u00bb align_phone=\u00a0\u00bbcenter\u00a0\u00bb align_last_edited=\u00a0\u00bbon|desktop\u00a0\u00bb _builder_version=\u00a0\u00bb4.21.0&Prime; width=\u00a0\u00bb83%\u00a0\u00bb custom_margin=\u00a0\u00bb-42px|||||\u00a0\u00bb animation_style=\u00a0\u00bbzoom\u00a0\u00bb animation_intensity_zoom=\u00a0\u00bb10%\u00a0\u00bb hover_enabled=\u00a0\u00bb0&Prime; animation=\u00a0\u00bbtop\u00a0\u00bb global_colors_info=\u00a0\u00bb{}\u00a0\u00bb sticky_enabled=\u00a0\u00bb0&Prime;][\/et_pb_image][\/et_pb_column][\/et_pb_row][et_pb_row _builder_version=\u00a0\u00bb4.18.1&Prime; width=\u00a0\u00bb70%\u00a0\u00bb max_width=\u00a0\u00bb1157px\u00a0\u00bb custom_padding=\u00a0\u00bb110px|||||\u00a0\u00bb global_colors_info=\u00a0\u00bb{}\u00a0\u00bb][et_pb_column type=\u00a0\u00bb4_4&Prime; _builder_version=\u00a0\u00bb4.16&Prime; custom_padding=\u00a0\u00bb|||\u00a0\u00bb global_colors_info=\u00a0\u00bb{}\u00a0\u00bb custom_padding__hover=\u00a0\u00bb|||\u00a0\u00bb][et_pb_text _builder_version=\u00a0\u00bb4.18.1&Prime; _module_preset=\u00a0\u00bbdefault\u00a0\u00bb text_font=\u00a0\u00bbDancing Script|300|||||||\u00a0\u00bb text_font_size=\u00a0\u00bb38px\u00a0\u00bb max_width=\u00a0\u00bb100%\u00a0\u00bb global_colors_info=\u00a0\u00bb{}\u00a0\u00bb]<\/p>\n<p style=\"text-align: left;\">La tra\u00e7abilit\u00e9<\/p>\n<p>[\/et_pb_text][\/et_pb_column][\/et_pb_row][et_pb_row column_structure=\u00a0\u00bb1_2,1_2&Prime; use_custom_gutter=\u00a0\u00bbon\u00a0\u00bb gutter_width=\u00a0\u00bb2&Prime; _builder_version=\u00a0\u00bb4.18.1&Prime; width=\u00a0\u00bb70%\u00a0\u00bb max_width=\u00a0\u00bb1157px\u00a0\u00bb custom_padding=\u00a0\u00bb0px|||||\u00a0\u00bb global_colors_info=\u00a0\u00bb{}\u00a0\u00bb][et_pb_column type=\u00a0\u00bb1_2&Prime; _builder_version=\u00a0\u00bb4.16&Prime; custom_padding=\u00a0\u00bb|||\u00a0\u00bb global_colors_info=\u00a0\u00bb{}\u00a0\u00bb custom_padding__hover=\u00a0\u00bb|||\u00a0\u00bb][et_pb_text _builder_version=\u00a0\u00bb4.18.1&Prime; _module_preset=\u00a0\u00bbdefault\u00a0\u00bb global_colors_info=\u00a0\u00bb{}\u00a0\u00bb]<\/p>\n<p>L\u2019\u0153uf est un aliment dont on peut facilement retrouver l\u2019origine :<br \/>\u2022 jour exact de ponte<br \/>\u2022 lieu de ponte<br \/>\u2022 type d\u2019\u00e9levage : bio, plein air\u2026<br \/>\u2022 atelier de conditionnement<br \/>\u2022 magasin o\u00f9 il a \u00e9t\u00e9 vendu<\/p>\n<p>&nbsp;<\/p>\n<p>[\/et_pb_text][\/et_pb_column][et_pb_column type=\u00a0\u00bb1_2&Prime; _builder_version=\u00a0\u00bb4.16&Prime; custom_padding=\u00a0\u00bb|||\u00a0\u00bb global_colors_info=\u00a0\u00bb{}\u00a0\u00bb custom_padding__hover=\u00a0\u00bb|||\u00a0\u00bb][et_pb_text _builder_version=\u00a0\u00bb4.18.1&Prime; _module_preset=\u00a0\u00bbdefault\u00a0\u00bb custom_margin=\u00a0\u00bb-28px|||||\u00a0\u00bb custom_padding=\u00a0\u00bb||27px|||\u00a0\u00bb global_colors_info=\u00a0\u00bb{}\u00a0\u00bb]<\/p>\n<p>&nbsp;<\/p>\n<p>Pour un meilleur suivi de nos produits, vous trouverez sur les bo\u00eetes Baby Coque :<br \/>\u2022 le n\u00b0 de lot<br \/>\u2022 le n\u00b0 de l\u2019atelier de conditionnement<br \/>\u2022 la Date de Consommation Recommand\u00e9e<\/p>\n<p>[\/et_pb_text][\/et_pb_column][\/et_pb_row][et_pb_row _builder_version=\u00a0\u00bb4.21.0&Prime; width=\u00a0\u00bb71%\u00a0\u00bb max_width=\u00a0\u00bb1157px\u00a0\u00bb custom_padding=\u00a0\u00bb50px||0px|||\u00a0\u00bb hover_enabled=\u00a0\u00bb0&Prime; global_colors_info=\u00a0\u00bb{}\u00a0\u00bb sticky_enabled=\u00a0\u00bb0&Prime;][et_pb_column type=\u00a0\u00bb4_4&Prime; _builder_version=\u00a0\u00bb4.16&Prime; custom_padding=\u00a0\u00bb|||\u00a0\u00bb global_colors_info=\u00a0\u00bb{}\u00a0\u00bb custom_padding__hover=\u00a0\u00bb|||\u00a0\u00bb][et_pb_image src=\u00a0\u00bbhttps:\/\/www.babycoque.fr\/wp-content\/uploads\/2022\/11\/Groupe-430.png\u00a0\u00bb alt=\u00a0\u00bbla tra\u00e7abilit\u00e9 des oeufs\u00a0\u00bb _builder_version=\u00a0\u00bb4.21.0&Prime; _module_preset=\u00a0\u00bbdefault\u00a0\u00bb custom_margin=\u00a0\u00bb-28px|||||\u00a0\u00bb custom_padding=\u00a0\u00bb||116px|||\u00a0\u00bb hover_enabled=\u00a0\u00bb0&Prime; global_colors_info=\u00a0\u00bb{}\u00a0\u00bb sticky_enabled=\u00a0\u00bb0&Prime;][\/et_pb_image][\/et_pb_column][\/et_pb_row][\/et_pb_section][et_pb_section fb_built=\u00a0\u00bb1&Prime; _builder_version=\u00a0\u00bb4.18.1&Prime; _module_preset=\u00a0\u00bbdefault\u00a0\u00bb custom_padding=\u00a0\u00bb0px|||||\u00a0\u00bb global_colors_info=\u00a0\u00bb{}\u00a0\u00bb][et_pb_row column_structure=\u00a0\u00bb1_2,1_2&Prime; use_custom_gutter=\u00a0\u00bbon\u00a0\u00bb gutter_width=\u00a0\u00bb1&Prime; make_equal=\u00a0\u00bbon\u00a0\u00bb _builder_version=\u00a0\u00bb4.18.1&Prime; width=\u00a0\u00bb70%\u00a0\u00bb max_width=\u00a0\u00bb1673px\u00a0\u00bb custom_margin=\u00a0\u00bb37px|auto||auto|false|false\u00a0\u00bb custom_padding=\u00a0\u00bb|50px||20px|false|false\u00a0\u00bb border_radii=\u00a0\u00bbon|30px|30px|30px|30px\u00a0\u00bb box_shadow_style=\u00a0\u00bbpreset1&Prime; global_colors_info=\u00a0\u00bb{}\u00a0\u00bb][et_pb_column type=\u00a0\u00bb1_2&Prime; _builder_version=\u00a0\u00bb4.16&Prime; custom_padding=\u00a0\u00bb|||\u00a0\u00bb global_colors_info=\u00a0\u00bb{}\u00a0\u00bb custom_padding__hover=\u00a0\u00bb|||\u00a0\u00bb][et_pb_image src=\u00a0\u00bbhttps:\/\/www.babycoque.fr\/wp-content\/uploads\/2022\/11\/Groupe-429.png\u00a0\u00bb alt=\u00a0\u00bbcertifications oeufs\u00a0\u00bb title_text=\u00a0\u00bbcertification\u00a0\u00bb align_tablet=\u00a0\u00bbcenter\u00a0\u00bb align_phone=\u00a0\u00bbcenter\u00a0\u00bb align_last_edited=\u00a0\u00bbon|phone\u00a0\u00bb _builder_version=\u00a0\u00bb4.21.0&Prime; width=\u00a0\u00bb39%\u00a0\u00bb module_alignment=\u00a0\u00bbcenter\u00a0\u00bb custom_margin=\u00a0\u00bb|-48px||-89px|false|false\u00a0\u00bb animation_style=\u00a0\u00bbzoom\u00a0\u00bb animation_intensity_zoom=\u00a0\u00bb10%\u00a0\u00bb hover_enabled=\u00a0\u00bb0&Prime; animation=\u00a0\u00bbtop\u00a0\u00bb global_colors_info=\u00a0\u00bb{}\u00a0\u00bb sticky_enabled=\u00a0\u00bb0&Prime;][\/et_pb_image][\/et_pb_column][et_pb_column type=\u00a0\u00bb1_2&Prime; _builder_version=\u00a0\u00bb4.16&Prime; custom_padding=\u00a0\u00bb|||\u00a0\u00bb global_colors_info=\u00a0\u00bb{}\u00a0\u00bb custom_padding__hover=\u00a0\u00bb|||\u00a0\u00bb][et_pb_text content_tablet=\u00a0\u00bb<\/p>\n<p>L\u2019\u0153uf, un aliment complet par excellence<\/p>\n<p>\u00a0\u00bb content_phone=\u00a0\u00bb<\/p>\n<p>L\u2019\u0153uf, un aliment complet par excellence<\/p>\n<p>\u00a0\u00bb content_last_edited=\u00a0\u00bbon|desktop\u00a0\u00bb _builder_version=\u00a0\u00bb4.18.1&Prime; text_font=\u00a0\u00bbDancing Script||||||||\u00a0\u00bb text_font_size=\u00a0\u00bb38px\u00a0\u00bb text_line_height=\u00a0\u00bb1.2em\u00a0\u00bb header_font=\u00a0\u00bb||||||||\u00a0\u00bb header_2_font=\u00a0\u00bbMerriweather|700|||||||\u00a0\u00bb header_2_font_size=\u00a0\u00bb36px\u00a0\u00bb header_2_line_height=\u00a0\u00bb1.6em\u00a0\u00bb custom_margin=\u00a0\u00bb4px|||||\u00a0\u00bb custom_padding=\u00a0\u00bb33px||75px|||\u00a0\u00bb header_2_font_size_tablet=\u00a0\u00bb\u00a0\u00bb header_2_font_size_phone=\u00a0\u00bb20px\u00a0\u00bb header_2_font_size_last_edited=\u00a0\u00bbon|phone\u00a0\u00bb locked=\u00a0\u00bboff\u00a0\u00bb global_colors_info=\u00a0\u00bb{}\u00a0\u00bb]<\/p>\n<p>La certification<\/p>\n<p>[\/et_pb_text][et_pb_text _builder_version=\u00a0\u00bb4.18.1&Prime; _module_preset=\u00a0\u00bbdefault\u00a0\u00bb min_height=\u00a0\u00bb127.9px\u00a0\u00bb custom_margin=\u00a0\u00bb-41px|||||\u00a0\u00bb global_colors_info=\u00a0\u00bb{}\u00a0\u00bb]<\/p>\n<p>Nos \u0153ufs issus de l\u2019agriculture biologique sont certifi\u00e9s par BUREAU VERITAS CERTIFICATION, organisme ind\u00e9pendant de contr\u00f4le et de certification de l\u2019agriculture biologique. Un audit est r\u00e9alis\u00e9 deux fois par an.<\/p>\n<p>Gage de qualit\u00e9 de nos produits, la soci\u00e9t\u00e9 Baby Coque est certifi\u00e9e IFS en niveau sup\u00e9rieur (INTERNATIONAL FOOD STANDARD) par un organisme ind\u00e9pendant.<\/p>\n<p>[\/et_pb_text][\/et_pb_column][\/et_pb_row][\/et_pb_section][et_pb_section fb_built=\u00a0\u00bb1&Prime; _builder_version=\u00a0\u00bb4.18.1&Prime; _module_preset=\u00a0\u00bbdefault\u00a0\u00bb max_width=\u00a0\u00bb73%\u00a0\u00bb module_alignment=\u00a0\u00bbcenter\u00a0\u00bb custom_padding=\u00a0\u00bb0px|2px|||false|false\u00a0\u00bb global_colors_info=\u00a0\u00bb{}\u00a0\u00bb][et_pb_row column_structure=\u00a0\u00bb2_5,3_5&Prime; use_custom_gutter=\u00a0\u00bbon\u00a0\u00bb gutter_width=\u00a0\u00bb2&Prime; _builder_version=\u00a0\u00bb4.18.1&Prime; _module_preset=\u00a0\u00bbdefault\u00a0\u00bb width=\u00a0\u00bb100%\u00a0\u00bb max_width=\u00a0\u00bb1673px\u00a0\u00bb min_height=\u00a0\u00bb214.2px\u00a0\u00bb global_colors_info=\u00a0\u00bb{}\u00a0\u00bb][et_pb_column type=\u00a0\u00bb2_5&Prime; _builder_version=\u00a0\u00bb4.18.1&Prime; _module_preset=\u00a0\u00bbdefault\u00a0\u00bb global_colors_info=\u00a0\u00bb{}\u00a0\u00bb][et_pb_image src=\u00a0\u00bbhttps:\/\/www.babycoque.fr\/wp-content\/uploads\/2022\/11\/Groupe-432.png\u00a0\u00bb alt=\u00a0\u00bbalimentation poules\u00a0\u00bb title_text=\u00a0\u00bbalimentation des poules\u00a0\u00bb _builder_version=\u00a0\u00bb4.21.0&Prime; _module_preset=\u00a0\u00bbdefault\u00a0\u00bb max_width=\u00a0\u00bb87%\u00a0\u00bb hover_enabled=\u00a0\u00bb0&Prime; global_colors_info=\u00a0\u00bb{}\u00a0\u00bb sticky_enabled=\u00a0\u00bb0&Prime;][\/et_pb_image][\/et_pb_column][et_pb_column type=\u00a0\u00bb3_5&Prime; _builder_version=\u00a0\u00bb4.18.1&Prime; _module_preset=\u00a0\u00bbdefault\u00a0\u00bb global_colors_info=\u00a0\u00bb{}\u00a0\u00bb][et_pb_text _builder_version=\u00a0\u00bb4.18.1&Prime; _module_preset=\u00a0\u00bbdefault\u00a0\u00bb text_font=\u00a0\u00bbDancing Script||||||||\u00a0\u00bb text_font_size=\u00a0\u00bb38px\u00a0\u00bb text_line_height=\u00a0\u00bb1em\u00a0\u00bb custom_padding=\u00a0\u00bb0px||||false|false\u00a0\u00bb global_colors_info=\u00a0\u00bb{}\u00a0\u00bb]<\/p>\n<p>&nbsp;<\/p>\n<p>L&rsquo;alimentation des poules<\/p>\n<p>[\/et_pb_text][et_pb_text _builder_version=\u00a0\u00bb4.18.1&Prime; _module_preset=\u00a0\u00bbdefault\u00a0\u00bb global_colors_info=\u00a0\u00bb{}\u00a0\u00bb]<\/p>\n<p>Chez Baby Coque, les poules sont reines.<br \/>Nous s\u00e9lectionnons des races de poules pondeuses reconnues pour leur rusticit\u00e9 et leurs qualit\u00e9s. Par nature, et parce que la vie au poulailler est au c\u0153ur de notre culture familiale, nous entourons nos poules des meilleurs soins.<br \/>Une alimentation saine et contr\u00f4l\u00e9e, exempte de manioc et de farines animales, alli\u00e9e \u00e0 un environnement favorable au bien-\u00eatre animal, leur assure un d\u00e9veloppement \u00e9quilibr\u00e9.<\/p>\n<p>[\/et_pb_text][\/et_pb_column][\/et_pb_row][et_pb_row _builder_version=\u00a0\u00bb4.18.1&Prime; _module_preset=\u00a0\u00bbdefault\u00a0\u00bb global_colors_info=\u00a0\u00bb{}\u00a0\u00bb][et_pb_column type=\u00a0\u00bb4_4&Prime; _builder_version=\u00a0\u00bb4.18.1&Prime; _module_preset=\u00a0\u00bbdefault\u00a0\u00bb global_colors_info=\u00a0\u00bb{}\u00a0\u00bb][et_pb_post_nav in_same_term=\u00a0\u00bboff\u00a0\u00bb show_next=\u00a0\u00bboff\u00a0\u00bb _builder_version=\u00a0\u00bb4.18.1&Prime; _module_preset=\u00a0\u00bbdefault\u00a0\u00bb title_font=\u00a0\u00bbMontserrat|600|||||||\u00a0\u00bb min_height=\u00a0\u00bb55.8px\u00a0\u00bb animation_style=\u00a0\u00bbfold\u00a0\u00bb locked=\u00a0\u00bboff\u00a0\u00bb global_colors_info=\u00a0\u00bb{}\u00a0\u00bb][\/et_pb_post_nav][\/et_pb_column][\/et_pb_row][\/et_pb_section]<\/p>\n","protected":false},"excerpt":{"rendered":"<p>Une histoire de qualit\u00e9 Le contr\u00f4le qualit\u00e9 en plusieurs \u00e9tapesLa tra\u00e7abilit\u00e9L\u2019\u0153uf est un aliment dont on peut facilement retrouver l\u2019origine :\u2022 jour exact de ponte\u2022 lieu de ponte\u2022 type d\u2019\u00e9levage : bio, plein air\u2026\u2022 atelier de conditionnement\u2022 magasin o\u00f9 il a \u00e9t\u00e9 vendu &nbsp;&nbsp; Pour un meilleur suivi de nos produits, vous trouverez sur les [&hellip;]<\/p>\n","protected":false},"author":1,"featured_media":0,"parent":0,"menu_order":0,"comment_status":"closed","ping_status":"closed","template":"","meta":{"_et_pb_use_builder":"on","_et_pb_old_content":"","_et_gb_content_width":"","footnotes":""},"class_list":["post-741","page","type-page","status-publish","hentry"],"yoast_head":"<!-- This site is optimized with the Yoast SEO plugin v25.0 - https:\/\/yoast.com\/wordpress\/plugins\/seo\/ -->\n<title>QUALIT\u00c9 - BABY COQUE<\/title>\n<meta name=\"robots\" content=\"index, follow, max-snippet:-1, max-image-preview:large, max-video-preview:-1\" \/>\n<link rel=\"canonical\" href=\"https:\/\/www.babycoque.fr\/index.php\/qualite\/\" \/>\n<meta property=\"og:locale\" content=\"fr_FR\" \/>\n<meta property=\"og:type\" content=\"article\" \/>\n<meta property=\"og:title\" content=\"QUALIT\u00c9 - BABY COQUE\" \/>\n<meta property=\"og:description\" content=\"Une histoire de qualit\u00e9 Le contr\u00f4le qualit\u00e9 en plusieurs \u00e9tapesLa tra\u00e7abilit\u00e9L\u2019\u0153uf est un aliment dont on peut facilement retrouver l\u2019origine :\u2022 jour exact de ponte\u2022 lieu de ponte\u2022 type d\u2019\u00e9levage : bio, plein air\u2026\u2022 atelier de conditionnement\u2022 magasin o\u00f9 il a \u00e9t\u00e9 vendu &nbsp;&nbsp; Pour un meilleur suivi de nos produits, vous trouverez sur les [&hellip;]\" \/>\n<meta property=\"og:url\" content=\"https:\/\/www.babycoque.fr\/index.php\/qualite\/\" \/>\n<meta property=\"og:site_name\" content=\"BABY COQUE\" \/>\n<meta property=\"article:publisher\" content=\"https:\/\/www.facebook.com\/share\/1M1PbL4f4E\/?mibextid=wwXIfr\" \/>\n<meta property=\"article:modified_time\" content=\"2023-12-19T11:07:13+00:00\" \/>\n<meta name=\"twitter:card\" content=\"summary_large_image\" \/>\n<meta name=\"twitter:label1\" content=\"Dur\u00e9e de lecture estim\u00e9e\" \/>\n\t<meta name=\"twitter:data1\" content=\"8 minutes\" \/>\n<script type=\"application\/ld+json\" class=\"yoast-schema-graph\">{\"@context\":\"https:\/\/schema.org\",\"@graph\":[{\"@type\":\"WebPage\",\"@id\":\"https:\/\/www.babycoque.fr\/index.php\/qualite\/\",\"url\":\"https:\/\/www.babycoque.fr\/index.php\/qualite\/\",\"name\":\"QUALIT\u00c9 - BABY COQUE\",\"isPartOf\":{\"@id\":\"https:\/\/www.babycoque.fr\/#website\"},\"datePublished\":\"2022-11-21T09:16:26+00:00\",\"dateModified\":\"2023-12-19T11:07:13+00:00\",\"breadcrumb\":{\"@id\":\"https:\/\/www.babycoque.fr\/index.php\/qualite\/#breadcrumb\"},\"inLanguage\":\"fr-FR\",\"potentialAction\":[{\"@type\":\"ReadAction\",\"target\":[\"https:\/\/www.babycoque.fr\/index.php\/qualite\/\"]}]},{\"@type\":\"BreadcrumbList\",\"@id\":\"https:\/\/www.babycoque.fr\/index.php\/qualite\/#breadcrumb\",\"itemListElement\":[{\"@type\":\"ListItem\",\"position\":1,\"name\":\"Accueil\",\"item\":\"https:\/\/www.babycoque.fr\/\"},{\"@type\":\"ListItem\",\"position\":2,\"name\":\"QUALIT\u00c9\"}]},{\"@type\":\"WebSite\",\"@id\":\"https:\/\/www.babycoque.fr\/#website\",\"url\":\"https:\/\/www.babycoque.fr\/\",\"name\":\"BABY COQUE\",\"description\":\"Les bons oeufs du terroir\",\"publisher\":{\"@id\":\"https:\/\/www.babycoque.fr\/#organization\"},\"potentialAction\":[{\"@type\":\"SearchAction\",\"target\":{\"@type\":\"EntryPoint\",\"urlTemplate\":\"https:\/\/www.babycoque.fr\/?s={search_term_string}\"},\"query-input\":{\"@type\":\"PropertyValueSpecification\",\"valueRequired\":true,\"valueName\":\"search_term_string\"}}],\"inLanguage\":\"fr-FR\"},{\"@type\":\"Organization\",\"@id\":\"https:\/\/www.babycoque.fr\/#organization\",\"name\":\"BABY COQUE\",\"url\":\"https:\/\/www.babycoque.fr\/\",\"logo\":{\"@type\":\"ImageObject\",\"inLanguage\":\"fr-FR\",\"@id\":\"https:\/\/www.babycoque.fr\/#\/schema\/logo\/image\/\",\"url\":\"https:\/\/www.babycoque.fr\/wp-content\/uploads\/2022\/06\/cropped-logo_babycoquepngverysmall.png\",\"contentUrl\":\"https:\/\/www.babycoque.fr\/wp-content\/uploads\/2022\/06\/cropped-logo_babycoquepngverysmall.png\",\"width\":90,\"height\":92,\"caption\":\"BABY COQUE\"},\"image\":{\"@id\":\"https:\/\/www.babycoque.fr\/#\/schema\/logo\/image\/\"},\"sameAs\":[\"https:\/\/www.facebook.com\/share\/1M1PbL4f4E\/?mibextid=wwXIfr\"]}]}<\/script>\n<!-- \/ Yoast SEO plugin. -->","yoast_head_json":{"title":"QUALIT\u00c9 - BABY COQUE","robots":{"index":"index","follow":"follow","max-snippet":"max-snippet:-1","max-image-preview":"max-image-preview:large","max-video-preview":"max-video-preview:-1"},"canonical":"https:\/\/www.babycoque.fr\/index.php\/qualite\/","og_locale":"fr_FR","og_type":"article","og_title":"QUALIT\u00c9 - BABY COQUE","og_description":"Une histoire de qualit\u00e9 Le contr\u00f4le qualit\u00e9 en plusieurs \u00e9tapesLa tra\u00e7abilit\u00e9L\u2019\u0153uf est un aliment dont on peut facilement retrouver l\u2019origine :\u2022 jour exact de ponte\u2022 lieu de ponte\u2022 type d\u2019\u00e9levage : bio, plein air\u2026\u2022 atelier de conditionnement\u2022 magasin o\u00f9 il a \u00e9t\u00e9 vendu &nbsp;&nbsp; Pour un meilleur suivi de nos produits, vous trouverez sur les [&hellip;]","og_url":"https:\/\/www.babycoque.fr\/index.php\/qualite\/","og_site_name":"BABY COQUE","article_publisher":"https:\/\/www.facebook.com\/share\/1M1PbL4f4E\/?mibextid=wwXIfr","article_modified_time":"2023-12-19T11:07:13+00:00","twitter_card":"summary_large_image","twitter_misc":{"Dur\u00e9e de lecture estim\u00e9e":"8 minutes"},"schema":{"@context":"https:\/\/schema.org","@graph":[{"@type":"WebPage","@id":"https:\/\/www.babycoque.fr\/index.php\/qualite\/","url":"https:\/\/www.babycoque.fr\/index.php\/qualite\/","name":"QUALIT\u00c9 - BABY COQUE","isPartOf":{"@id":"https:\/\/www.babycoque.fr\/#website"},"datePublished":"2022-11-21T09:16:26+00:00","dateModified":"2023-12-19T11:07:13+00:00","breadcrumb":{"@id":"https:\/\/www.babycoque.fr\/index.php\/qualite\/#breadcrumb"},"inLanguage":"fr-FR","potentialAction":[{"@type":"ReadAction","target":["https:\/\/www.babycoque.fr\/index.php\/qualite\/"]}]},{"@type":"BreadcrumbList","@id":"https:\/\/www.babycoque.fr\/index.php\/qualite\/#breadcrumb","itemListElement":[{"@type":"ListItem","position":1,"name":"Accueil","item":"https:\/\/www.babycoque.fr\/"},{"@type":"ListItem","position":2,"name":"QUALIT\u00c9"}]},{"@type":"WebSite","@id":"https:\/\/www.babycoque.fr\/#website","url":"https:\/\/www.babycoque.fr\/","name":"BABY COQUE","description":"Les bons oeufs du terroir","publisher":{"@id":"https:\/\/www.babycoque.fr\/#organization"},"potentialAction":[{"@type":"SearchAction","target":{"@type":"EntryPoint","urlTemplate":"https:\/\/www.babycoque.fr\/?s={search_term_string}"},"query-input":{"@type":"PropertyValueSpecification","valueRequired":true,"valueName":"search_term_string"}}],"inLanguage":"fr-FR"},{"@type":"Organization","@id":"https:\/\/www.babycoque.fr\/#organization","name":"BABY COQUE","url":"https:\/\/www.babycoque.fr\/","logo":{"@type":"ImageObject","inLanguage":"fr-FR","@id":"https:\/\/www.babycoque.fr\/#\/schema\/logo\/image\/","url":"https:\/\/www.babycoque.fr\/wp-content\/uploads\/2022\/06\/cropped-logo_babycoquepngverysmall.png","contentUrl":"https:\/\/www.babycoque.fr\/wp-content\/uploads\/2022\/06\/cropped-logo_babycoquepngverysmall.png","width":90,"height":92,"caption":"BABY COQUE"},"image":{"@id":"https:\/\/www.babycoque.fr\/#\/schema\/logo\/image\/"},"sameAs":["https:\/\/www.facebook.com\/share\/1M1PbL4f4E\/?mibextid=wwXIfr"]}]}},"_links":{"self":[{"href":"https:\/\/www.babycoque.fr\/index.php\/wp-json\/wp\/v2\/pages\/741","targetHints":{"allow":["GET"]}}],"collection":[{"href":"https:\/\/www.babycoque.fr\/index.php\/wp-json\/wp\/v2\/pages"}],"about":[{"href":"https:\/\/www.babycoque.fr\/index.php\/wp-json\/wp\/v2\/types\/page"}],"author":[{"embeddable":true,"href":"https:\/\/www.babycoque.fr\/index.php\/wp-json\/wp\/v2\/users\/1"}],"replies":[{"embeddable":true,"href":"https:\/\/www.babycoque.fr\/index.php\/wp-json\/wp\/v2\/comments?post=741"}],"version-history":[{"count":31,"href":"https:\/\/www.babycoque.fr\/index.php\/wp-json\/wp\/v2\/pages\/741\/revisions"}],"predecessor-version":[{"id":1666,"href":"https:\/\/www.babycoque.fr\/index.php\/wp-json\/wp\/v2\/pages\/741\/revisions\/1666"}],"wp:attachment":[{"href":"https:\/\/www.babycoque.fr\/index.php\/wp-json\/wp\/v2\/media?parent=741"}],"curies":[{"name":"wp","href":"https:\/\/api.w.org\/{rel}","templated":true}]}}